{"id":553,"date":"2021-11-02T08:55:26","date_gmt":"2021-11-02T08:55:26","guid":{"rendered":"https:\/\/demo.athemes.com\/sydney-main\/?page_id=553"},"modified":"2026-02-23T12:03:45","modified_gmt":"2026-02-23T12:03:45","slug":"contact","status":"publish","type":"page","link":"https:\/\/pianowaniepoddaszy.pl\/index.php\/contact\/","title":{"rendered":"Kontakt"},"content":{"rendered":"\t\t<div data-elementor-type=\"wp-page\" data-elementor-id=\"553\" class=\"elementor elementor-553\">\n\t\t\t\t<div class=\"elementor-element elementor-element-4ab7f51 e-flex e-con-boxed e-con e-parent\" data-id=\"4ab7f51\" data-element_type=\"container\" data-e-type=\"container\">\n\t\t\t\t\t<div class=\"e-con-inner\">\n\t\t<div class=\"elementor-element elementor-element-675bac2 e-con-full e-flex e-con e-child\" data-id=\"675bac2\" data-element_type=\"container\" data-e-type=\"container\">\n\t\t\t\t<div class=\"elementor-element elementor-element-578202f elementor-widget elementor-widget-heading\" data-id=\"578202f\" data-element_type=\"widget\" data-e-type=\"widget\" data-widget_type=\"heading.default\">\n\t\t\t\t\t<h2 class=\"elementor-heading-title elementor-size-default\">Zadzwo\u0144 ju\u017c dzi\u015b<\/h2>\t\t\t\t<\/div>\n\t\t\t\t<\/div>\n\t\t<div class=\"elementor-element elementor-element-02feb46 e-con-full e-flex e-con e-child\" data-id=\"02feb46\" data-element_type=\"container\" data-e-type=\"container\">\n\t\t\t\t<div class=\"elementor-element elementor-element-386d4ed elementor-widget elementor-widget-text-editor\" data-id=\"386d4ed\" data-element_type=\"widget\" data-e-type=\"widget\" data-widget_type=\"text-editor.default\">\n\t\t\t\t\t\t\t\t\t<p>Postaw na trwa\u0142\u0105 i szczeln\u0105 izolacj\u0119 na lata.<br data-start=\"819\" data-end=\"822\" \/><strong data-start=\"822\" data-end=\"857\">Skontaktuj si\u0119 z naszym doradc\u0105<\/strong> i wybierz sprawdzone pianowanie poddasza wykonane przez do\u015bwiadzon\u0105 ekip\u0119.<\/p>\t\t\t\t\t\t\t\t<\/div>\n\t\t\t\t<\/div>\n\t\t\t\t\t<\/div>\n\t\t\t\t<\/div>\n\t\t<div class=\"elementor-element elementor-element-0618a07 e-flex e-con-boxed e-con e-parent\" data-id=\"0618a07\" data-element_type=\"container\" data-e-type=\"container\">\n\t\t\t\t\t<div class=\"e-con-inner\">\n\t\t<div class=\"elementor-element elementor-element-46d116f e-con-full e-flex e-con e-child\" data-id=\"46d116f\" data-element_type=\"container\" data-e-type=\"container\">\n\t\t\t\t<div class=\"elementor-element elementor-element-818aab8 elementor-widget elementor-widget-heading\" data-id=\"818aab8\" data-element_type=\"widget\" data-e-type=\"widget\" data-widget_type=\"heading.default\">\n\t\t\t\t\t<h6 class=\"elementor-heading-title elementor-size-default\">Telefon<\/h6>\t\t\t\t<\/div>\n\t\t\t\t<div class=\"elementor-element elementor-element-c34cae0 elementor-widget elementor-widget-heading\" data-id=\"c34cae0\" data-element_type=\"widget\" data-e-type=\"widget\" data-widget_type=\"heading.default\">\n\t\t\t\t\t<h6 class=\"elementor-heading-title elementor-size-default\">12 44-66-555<\/h6>\t\t\t\t<\/div>\n\t\t\t\t<\/div>\n\t\t<div class=\"elementor-element elementor-element-4e2cdd4 e-con-full e-flex e-con e-child\" data-id=\"4e2cdd4\" data-element_type=\"container\" data-e-type=\"container\">\n\t\t\t\t<div class=\"elementor-element elementor-element-517db9f elementor-widget elementor-widget-heading\" data-id=\"517db9f\" data-element_type=\"widget\" data-e-type=\"widget\" data-widget_type=\"heading.default\">\n\t\t\t\t\t<h6 class=\"elementor-heading-title elementor-size-default\">E-Email<\/h6>\t\t\t\t<\/div>\n\t\t\t\t<div class=\"elementor-element elementor-element-a8cf454 elementor-widget elementor-widget-heading\" data-id=\"a8cf454\" data-element_type=\"widget\" data-e-type=\"widget\" data-widget_type=\"heading.default\">\n\t\t\t\t\t<h6 class=\"elementor-heading-title elementor-size-default\">kontakt@pianowaniepoddaszy.pl<\/h6>\t\t\t\t<\/div>\n\t\t\t\t<\/div>\n\t\t<div class=\"elementor-element elementor-element-a3c586c e-con-full e-flex e-con e-child\" data-id=\"a3c586c\" data-element_type=\"container\" data-e-type=\"container\">\n\t\t\t\t<div class=\"elementor-element elementor-element-35a33ae elementor-widget elementor-widget-heading\" data-id=\"35a33ae\" data-element_type=\"widget\" data-e-type=\"widget\" data-widget_type=\"heading.default\">\n\t\t\t\t\t<h6 class=\"elementor-heading-title elementor-size-default\">Social<\/h6>\t\t\t\t<\/div>\n\t\t\t\t<div class=\"elementor-element elementor-element-5426418 e-grid-align-left elementor-shape-rounded elementor-grid-0 elementor-widget elementor-widget-social-icons\" data-id=\"5426418\" data-element_type=\"widget\" data-e-type=\"widget\" data-widget_type=\"social-icons.default\">\n\t\t\t\t\t\t\t<div class=\"elementor-social-icons-wrapper elementor-grid\" role=\"list\">\n\t\t\t\t\t\t\t<span class=\"elementor-grid-item\" role=\"listitem\">\n\t\t\t\t\t<a class=\"elementor-icon elementor-social-icon elementor-social-icon-facebook elementor-repeater-item-df21b6d\" href=\"https:\/\/www.facebook.com\/PianaEXPERT\" target=\"_blank\">\n\t\t\t\t\t\t<span class=\"elementor-screen-only\">Facebook<\/span>\n\t\t\t\t\t\t<svg aria-hidden=\"true\" class=\"e-font-icon-svg e-fab-facebook\" viewBox=\"0 0 512 512\" xmlns=\"http:\/\/www.w3.org\/2000\/svg\"><path d=\"M504 256C504 119 393 8 256 8S8 119 8 256c0 123.78 90.69 226.38 209.25 245V327.69h-63V256h63v-54.64c0-62.15 37-96.48 93.67-96.48 27.14 0 55.52 4.84 55.52 4.84v61h-31.28c-30.8 0-40.41 19.12-40.41 38.73V256h68.78l-11 71.69h-57.78V501C413.31 482.38 504 379.78 504 256z\"><\/path><\/svg>\t\t\t\t\t<\/a>\n\t\t\t\t<\/span>\n\t\t\t\t\t\t\t<span class=\"elementor-grid-item\" role=\"listitem\">\n\t\t\t\t\t<a class=\"elementor-icon elementor-social-icon elementor-social-icon-youtube elementor-repeater-item-6e63766\" href=\"https:\/\/www.youtube.com\/@pianaexpert\" target=\"_blank\">\n\t\t\t\t\t\t<span class=\"elementor-screen-only\">Youtube<\/span>\n\t\t\t\t\t\t<svg aria-hidden=\"true\" class=\"e-font-icon-svg e-fab-youtube\" viewBox=\"0 0 576 512\" xmlns=\"http:\/\/www.w3.org\/2000\/svg\"><path d=\"M549.655 124.083c-6.281-23.65-24.787-42.276-48.284-48.597C458.781 64 288 64 288 64S117.22 64 74.629 75.486c-23.497 6.322-42.003 24.947-48.284 48.597-11.412 42.867-11.412 132.305-11.412 132.305s0 89.438 11.412 132.305c6.281 23.65 24.787 41.5 48.284 47.821C117.22 448 288 448 288 448s170.78 0 213.371-11.486c23.497-6.321 42.003-24.171 48.284-47.821 11.412-42.867 11.412-132.305 11.412-132.305s0-89.438-11.412-132.305zm-317.51 213.508V175.185l142.739 81.205-142.739 81.201z\"><\/path><\/svg>\t\t\t\t\t<\/a>\n\t\t\t\t<\/span>\n\t\t\t\t\t<\/div>\n\t\t\t\t\t\t<\/div>\n\t\t\t\t<\/div>\n\t\t\t\t\t<\/div>\n\t\t\t\t<\/div>\n\t\t<div class=\"elementor-element elementor-element-0b4173b e-flex e-con-boxed e-con e-parent\" data-id=\"0b4173b\" data-element_type=\"container\" data-e-type=\"container\">\n\t\t\t\t\t<div class=\"e-con-inner\">\n\t\t\t\t<div class=\"elementor-element elementor-element-20d4ef8 elementor-widget elementor-widget-heading\" data-id=\"20d4ef8\" data-element_type=\"widget\" data-e-type=\"widget\" data-widget_type=\"heading.default\">\n\t\t\t\t\t<h6 class=\"elementor-heading-title elementor-size-default\">Obszar dzia\u0142ania<\/h6>\t\t\t\t<\/div>\n\t\t<div class=\"elementor-element elementor-element-272ecac e-con-full e-flex e-con e-child\" data-id=\"272ecac\" data-element_type=\"container\" data-e-type=\"container\">\n\t\t\t\t<div class=\"elementor-element elementor-element-e79d01c elementor-widget elementor-widget-heading\" data-id=\"e79d01c\" data-element_type=\"widget\" data-e-type=\"widget\" data-widget_type=\"heading.default\">\n\t\t\t\t\t<h6 class=\"elementor-heading-title elementor-size-default\">\u015awiadczymy us\u0142ugi na obszarze Ma\u0142opolski i \u015al\u0105ska<\/h6>\t\t\t\t<\/div>\n\t\t\t\t<\/div>\n\t\t\t\t\t<\/div>\n\t\t\t\t<\/div>\n\t\t<div class=\"elementor-element elementor-element-788e1b2 e-flex e-con-boxed e-con e-parent\" data-id=\"788e1b2\" data-element_type=\"container\" data-e-type=\"container\">\n\t\t\t\t\t<div class=\"e-con-inner\">\n\t\t\t\t<div class=\"elementor-element elementor-element-9cc99ef elementor-widget elementor-widget-image\" data-id=\"9cc99ef\" data-element_type=\"widget\" data-e-type=\"widget\" data-widget_type=\"image.default\">\n\t\t\t\t\t\t\t\t\t\t\t\t\t\t\t<img fetchpriority=\"high\" decoding=\"async\" width=\"300\" height=\"278\" src=\"https:\/\/pianowaniepoddaszy.pl\/wp-content\/uploads\/2026\/02\/pl-300x278.jpg\" class=\"attachment-medium size-medium wp-image-1090\" alt=\"\" srcset=\"https:\/\/pianowaniepoddaszy.pl\/wp-content\/uploads\/2026\/02\/pl-300x278.jpg 300w, https:\/\/pianowaniepoddaszy.pl\/wp-content\/uploads\/2026\/02\/pl-1024x949.jpg 1024w, https:\/\/pianowaniepoddaszy.pl\/wp-content\/uploads\/2026\/02\/pl-768x712.jpg 768w, https:\/\/pianowaniepoddaszy.pl\/wp-content\/uploads\/2026\/02\/pl-1000x927.jpg 1000w, https:\/\/pianowaniepoddaszy.pl\/wp-content\/uploads\/2026\/02\/pl-230x213.jpg 230w, https:\/\/pianowaniepoddaszy.pl\/wp-content\/uploads\/2026\/02\/pl-350x324.jpg 350w, https:\/\/pianowaniepoddaszy.pl\/wp-content\/uploads\/2026\/02\/pl-480x445.jpg 480w, https:\/\/pianowaniepoddaszy.pl\/wp-content\/uploads\/2026\/02\/pl.jpg 1500w\" sizes=\"(max-width: 300px) 100vw, 300px\" \/>\t\t\t\t\t\t\t\t\t\t\t\t\t\t\t<\/div>\n\t\t\t\t\t<\/div>\n\t\t\t\t<\/div>\n\t\t<div class=\"elementor-element elementor-element-1c02209 e-flex e-con-boxed e-con e-parent\" data-id=\"1c02209\" data-element_type=\"container\" data-e-type=\"container\">\n\t\t\t\t\t<div class=\"e-con-inner\">\n\t\t\t\t\t<\/div>\n\t\t\t\t<\/div>\n\t\t<div class=\"elementor-element elementor-element-700390f e-flex e-con-boxed e-con e-parent\" data-id=\"700390f\" data-element_type=\"container\" data-e-type=\"container\">\n\t\t\t\t\t<div class=\"e-con-inner\">\n\t\t\t\t<div class=\"elementor-element elementor-element-b243e46 elementor-widget elementor-widget-image\" data-id=\"b243e46\" data-element_type=\"widget\" data-e-type=\"widget\" data-widget_type=\"image.default\">\n\t\t\t\t\t\t\t\t\t\t\t\t\t\t\t<img decoding=\"async\" width=\"1024\" height=\"683\" src=\"https:\/\/pianowaniepoddaszy.pl\/wp-content\/uploads\/2026\/02\/Baner-tyl-1024x683.jpg\" class=\"attachment-large size-large wp-image-1095\" alt=\"\" srcset=\"https:\/\/pianowaniepoddaszy.pl\/wp-content\/uploads\/2026\/02\/Baner-tyl-1024x683.jpg 1024w, https:\/\/pianowaniepoddaszy.pl\/wp-content\/uploads\/2026\/02\/Baner-tyl-300x200.jpg 300w, https:\/\/pianowaniepoddaszy.pl\/wp-content\/uploads\/2026\/02\/Baner-tyl-768x512.jpg 768w, https:\/\/pianowaniepoddaszy.pl\/wp-content\/uploads\/2026\/02\/Baner-tyl-1000x667.jpg 1000w, https:\/\/pianowaniepoddaszy.pl\/wp-content\/uploads\/2026\/02\/Baner-tyl-230x153.jpg 230w, https:\/\/pianowaniepoddaszy.pl\/wp-content\/uploads\/2026\/02\/Baner-tyl-350x233.jpg 350w, https:\/\/pianowaniepoddaszy.pl\/wp-content\/uploads\/2026\/02\/Baner-tyl-480x320.jpg 480w, https:\/\/pianowaniepoddaszy.pl\/wp-content\/uploads\/2026\/02\/Baner-tyl.jpg 1536w\" sizes=\"(max-width: 1024px) 100vw, 1024px\" \/>\t\t\t\t\t\t\t\t\t\t\t\t\t\t\t<\/div>\n\t\t\t\t\t<\/div>\n\t\t\t\t<\/div>\n\t\t\t\t<\/div>\n\t\t","protected":false},"excerpt":{"rendered":"<p>Zadzwo\u0144 ju\u017c dzi\u015b Postaw na trwa\u0142\u0105 i szczeln\u0105 izolacj\u0119 na lata.Skontaktuj si\u0119 z naszym doradc\u0105 i wybierz sprawdzone pianowanie poddasza wykonane przez [&hellip;]<\/p>\n","protected":false},"author":1,"featured_media":0,"parent":0,"menu_order":0,"comment_status":"closed","ping_status":"closed","template":"page-templates\/page_front-page.php","meta":{"footnotes":""},"class_list":["post-553","page","type-page","status-publish","hentry"],"_links":{"self":[{"href":"https:\/\/pianowaniepoddaszy.pl\/index.php\/wp-json\/wp\/v2\/pages\/553","targetHints":{"allow":["GET"]}}],"collection":[{"href":"https:\/\/pianowaniepoddaszy.pl\/index.php\/wp-json\/wp\/v2\/pages"}],"about":[{"href":"https:\/\/pianowaniepoddaszy.pl\/index.php\/wp-json\/wp\/v2\/types\/page"}],"author":[{"embeddable":true,"href":"https:\/\/pianowaniepoddaszy.pl\/index.php\/wp-json\/wp\/v2\/users\/1"}],"replies":[{"embeddable":true,"href":"https:\/\/pianowaniepoddaszy.pl\/index.php\/wp-json\/wp\/v2\/comments?post=553"}],"version-history":[{"count":16,"href":"https:\/\/pianowaniepoddaszy.pl\/index.php\/wp-json\/wp\/v2\/pages\/553\/revisions"}],"predecessor-version":[{"id":1098,"href":"https:\/\/pianowaniepoddaszy.pl\/index.php\/wp-json\/wp\/v2\/pages\/553\/revisions\/1098"}],"wp:attachment":[{"href":"https:\/\/pianowaniepoddaszy.pl\/index.php\/wp-json\/wp\/v2\/media?parent=553"}],"curies":[{"name":"wp","href":"https:\/\/api.w.org\/{rel}","templated":true}]}}